{"id":12724,"date":"2025-03-14T18:43:23","date_gmt":"2025-03-14T18:43:23","guid":{"rendered":"https:\/\/schaalvansamenwerking.nl\/?page_id=12724"},"modified":"2025-03-14T18:43:24","modified_gmt":"2025-03-14T18:43:24","slug":"echelle-de-la-cooperation","status":"publish","type":"page","link":"https:\/\/schaalvansamenwerking.nl\/en\/echelle-de-la-cooperation\/","title":{"rendered":"\u00c9chelle de la Coop\u00e9ration"},"content":{"rendered":"\u00c9chelle de la Coop\u00e9ration - en fran\u00e7ais\n\n\n\n<p>Sur cette page vous trouverez une traduction de \" l'\u00c9chelle de Coop\u00e9ration \" en fran\u00e7ais. Vous trouverez plus d'informations sur la \" feuille de route \" qui soutient la collaboration durable au sein des \u00e9quipes sur les pages n\u00e9erlandaise et anglaise. Il vaut la peine de jeter un \u0153il \u00e0 la position de votre \u00e9quipe sur l'\u00e9chelle, en utilisant l'image ci-dessous. Une \u00e9quipe francophone est disponible dans la r\u00e9gion lyonnaise pour vous apporter un conseil complet. www.reflecttogrow.com<\/p>\n\n\n\n<figure class=\"wp-block-image size-full\"><img loading=\"lazy\" decoding=\"async\" width=\"800\" height=\"282\" src=\"https:\/\/schaalvansamenwerking.nl\/wp-content\/uploads\/2025\/03\/2025-couche-5-echelle-de-cooperation-marque-page-2-FR11-.jpg\" alt=\"\" class=\"wp-image-12725\" srcset=\"https:\/\/schaalvansamenwerking.nl\/wp-content\/uploads\/2025\/03\/2025-couche-5-echelle-de-cooperation-marque-page-2-FR11-.jpg 800w, https:\/\/schaalvansamenwerking.nl\/wp-content\/uploads\/2025\/03\/2025-couche-5-echelle-de-cooperation-marque-page-2-FR11--768x271.jpg 768w, https:\/\/schaalvansamenwerking.nl\/wp-content\/uploads\/2025\/03\/2025-couche-5-echelle-de-cooperation-marque-page-2-FR11--18x6.jpg 18w, https:\/\/schaalvansamenwerking.nl\/wp-content\/uploads\/2025\/03\/2025-couche-5-echelle-de-cooperation-marque-page-2-FR11--510x180.jpg 510w\" sizes=\"auto, (max-width: 800px) 100vw, 800px\" \/><\/figure>","protected":false},"excerpt":{"rendered":"<p>\u00c9chelle de la Coop\u00e9ration &#8211; en fran\u00e7ais Sur cette page vous trouverez une traduction de \u00ab l\u2019\u00c9chelle de Coop\u00e9ration \u00bb en fran\u00e7ais. Vous trouverez plus d&#8217;informations sur la \u00ab feuille de route \u00bb qui soutient la collaboration durable au sein des \u00e9quipes sur les pages n\u00e9erlandaise et anglaise. Il vaut la peine de jeter un [&#8230;]\n","protected":false},"author":2,"featured_media":0,"parent":0,"menu_order":0,"comment_status":"closed","ping_status":"closed","template":"","meta":{"_acf_changed":false,"footnotes":""},"class_list":["post-12724","page","type-page","status-publish","hentry"],"acf":[],"_links":{"self":[{"href":"https:\/\/schaalvansamenwerking.nl\/en\/wp-json\/wp\/v2\/pages\/12724","targetHints":{"allow":["GET"]}}],"collection":[{"href":"https:\/\/schaalvansamenwerking.nl\/en\/wp-json\/wp\/v2\/pages"}],"about":[{"href":"https:\/\/schaalvansamenwerking.nl\/en\/wp-json\/wp\/v2\/types\/page"}],"author":[{"embeddable":true,"href":"https:\/\/schaalvansamenwerking.nl\/en\/wp-json\/wp\/v2\/users\/2"}],"replies":[{"embeddable":true,"href":"https:\/\/schaalvansamenwerking.nl\/en\/wp-json\/wp\/v2\/comments?post=12724"}],"version-history":[{"count":1,"href":"https:\/\/schaalvansamenwerking.nl\/en\/wp-json\/wp\/v2\/pages\/12724\/revisions"}],"predecessor-version":[{"id":12726,"href":"https:\/\/schaalvansamenwerking.nl\/en\/wp-json\/wp\/v2\/pages\/12724\/revisions\/12726"}],"wp:attachment":[{"href":"https:\/\/schaalvansamenwerking.nl\/en\/wp-json\/wp\/v2\/media?parent=12724"}],"curies":[{"name":"wp","href":"https:\/\/api.w.org\/{rel}","templated":true}]}}