{"id":12718,"date":"2025-03-13T18:56:32","date_gmt":"2025-03-13T18:56:32","guid":{"rendered":"https:\/\/schaalvansamenwerking.nl\/?page_id=12718"},"modified":"2025-04-03T17:17:42","modified_gmt":"2025-04-03T17:17:42","slug":"skala-wspolpracy","status":"publish","type":"page","link":"https:\/\/schaalvansamenwerking.nl\/en\/skala-wspolpracy\/","title":{"rendered":"Skala Wsp\u00f3\u0142pracy"},"content":{"rendered":"Skala Wsp\u00f3\u0142pracy - Polski\n\n\n\n<p>Witaj w \u015bwiecie Skali Wsp\u00f3\u0142pracy!<\/p>\n\n\n\n<p>Poni\u017cej znajdziesz polskie t\u0142umaczenie naszej koncepcji. Skorzystaj z niego, je\u015bli zastanawiasz si\u0119 w kt\u00f3rym miejscu jest teraz Tw\u00f3j zesp\u00f3\u0142 na Skali - a gdzie chcia\u0142by\u015b aby by\u0142?<\/p>\n\n\n\n<p>Je\u015bli chcesz dowiedzie\u0107 si\u0119 wi\u0119cej o Skali Wsp\u00f3\u0142pracy w j\u0119zyku polskim, zapraszamy Ci\u0119 na polsk\u0105 stron\u0119 gdzie znajdziesz materia\u0142y teoretyczne, aktualno\u015bci i informacje jak mo\u017cemy Ci\u0119 lokalnie wesprze\u0107 w budowaniu kultury wsp\u00f3\u0142pracy w Twoim zespole!<\/p>\n\n\n\n<p>www.skalawspolpracy.pl<\/p>\n\n\n\n<figure class=\"wp-block-image size-full\"><img loading=\"lazy\" decoding=\"async\" width=\"794\" height=\"302\" src=\"https:\/\/schaalvansamenwerking.nl\/wp-content\/uploads\/2025\/03\/2024-Polish-bookmarker-2.jpg\" alt=\"\" class=\"wp-image-12719\" srcset=\"https:\/\/schaalvansamenwerking.nl\/wp-content\/uploads\/2025\/03\/2024-Polish-bookmarker-2.jpg 794w, https:\/\/schaalvansamenwerking.nl\/wp-content\/uploads\/2025\/03\/2024-Polish-bookmarker-2-768x292.jpg 768w, https:\/\/schaalvansamenwerking.nl\/wp-content\/uploads\/2025\/03\/2024-Polish-bookmarker-2-18x7.jpg 18w, https:\/\/schaalvansamenwerking.nl\/wp-content\/uploads\/2025\/03\/2024-Polish-bookmarker-2-510x194.jpg 510w\" sizes=\"auto, (max-width: 794px) 100vw, 794px\" \/><\/figure>","protected":false},"excerpt":{"rendered":"<p>Skala Wsp\u00f3\u0142pracy &#8211; Polski Witaj w \u015bwiecie Skali Wsp\u00f3\u0142pracy! Poni\u017cej znajdziesz polskie t\u0142umaczenie naszej koncepcji. Skorzystaj z niego, je\u015bli zastanawiasz si\u0119 w kt\u00f3rym miejscu jest teraz Tw\u00f3j zesp\u00f3\u0142 na Skali &#8211; a gdzie chcia\u0142by\u015b aby by\u0142? Je\u015bli chcesz dowiedzie\u0107 si\u0119 wi\u0119cej o Skali Wsp\u00f3\u0142pracy w j\u0119zyku polskim, zapraszamy Ci\u0119 na polsk\u0105 stron\u0119 gdzie znajdziesz materia\u0142y [&#8230;]\n","protected":false},"author":2,"featured_media":0,"parent":0,"menu_order":0,"comment_status":"closed","ping_status":"closed","template":"","meta":{"_acf_changed":false,"footnotes":""},"class_list":["post-12718","page","type-page","status-publish","hentry"],"acf":[],"_links":{"self":[{"href":"https:\/\/schaalvansamenwerking.nl\/en\/wp-json\/wp\/v2\/pages\/12718","targetHints":{"allow":["GET"]}}],"collection":[{"href":"https:\/\/schaalvansamenwerking.nl\/en\/wp-json\/wp\/v2\/pages"}],"about":[{"href":"https:\/\/schaalvansamenwerking.nl\/en\/wp-json\/wp\/v2\/types\/page"}],"author":[{"embeddable":true,"href":"https:\/\/schaalvansamenwerking.nl\/en\/wp-json\/wp\/v2\/users\/2"}],"replies":[{"embeddable":true,"href":"https:\/\/schaalvansamenwerking.nl\/en\/wp-json\/wp\/v2\/comments?post=12718"}],"version-history":[{"count":3,"href":"https:\/\/schaalvansamenwerking.nl\/en\/wp-json\/wp\/v2\/pages\/12718\/revisions"}],"predecessor-version":[{"id":12789,"href":"https:\/\/schaalvansamenwerking.nl\/en\/wp-json\/wp\/v2\/pages\/12718\/revisions\/12789"}],"wp:attachment":[{"href":"https:\/\/schaalvansamenwerking.nl\/en\/wp-json\/wp\/v2\/media?parent=12718"}],"curies":[{"name":"wp","href":"https:\/\/api.w.org\/{rel}","templated":true}]}}