{"id":12697,"date":"2025-03-13T14:10:01","date_gmt":"2025-03-13T14:10:01","guid":{"rendered":"https:\/\/schaalvansamenwerking.nl\/?page_id=12697"},"modified":"2025-03-13T14:48:14","modified_gmt":"2025-03-13T14:48:14","slug":"scala-cooperarii","status":"publish","type":"page","link":"https:\/\/schaalvansamenwerking.nl\/en\/scala-cooperarii\/","title":{"rendered":"Scala Cooper\u0103rii"},"content":{"rendered":"Scala Cooper\u0103rii - \u00een rom\u00e2n\u0103\n\n\n\n<p>\u00cen cur\u00e2nd Scala Cooper\u0103rii o s\u0103 aib\u0103 o pagin\u0103 principal\u0103, unde pute\u021bi s\u0103 citi\u021bi mai mult despre modelul pentru dezvoltarea echipelor \u00eentr-un mod sustenabil. Deocamdat\u0103 pute\u021bi folosii imaginea de dedesubt, ca s\u0103 pute\u021bi s\u0103 identifica\u021bi unde st\u0103 momentan echipa Dvs. pe scal\u0103.<\/p>\n\n\n\n<p>Pentru mai multe informa\u021bii despre scal\u0103, v\u0103 rug\u0103m accesa\u021bi pagina pe limba englez\u0103.<br>V\u0103 mul\u021bumim pentru \u00een\u021belegere.<\/p>\n\n\n\n<figure class=\"wp-block-image size-full\"><img loading=\"lazy\" decoding=\"async\" width=\"800\" height=\"305\" src=\"https:\/\/schaalvansamenwerking.nl\/wp-content\/uploads\/2025\/03\/2025-Scara-cooperarii-Ro-2.jpg\" alt=\"\" class=\"wp-image-12703\" srcset=\"https:\/\/schaalvansamenwerking.nl\/wp-content\/uploads\/2025\/03\/2025-Scara-cooperarii-Ro-2.jpg 800w, https:\/\/schaalvansamenwerking.nl\/wp-content\/uploads\/2025\/03\/2025-Scara-cooperarii-Ro-2-768x293.jpg 768w, https:\/\/schaalvansamenwerking.nl\/wp-content\/uploads\/2025\/03\/2025-Scara-cooperarii-Ro-2-18x7.jpg 18w, https:\/\/schaalvansamenwerking.nl\/wp-content\/uploads\/2025\/03\/2025-Scara-cooperarii-Ro-2-510x194.jpg 510w\" sizes=\"auto, (max-width: 800px) 100vw, 800px\" \/><\/figure>","protected":false},"excerpt":{"rendered":"<p>Scala Cooper\u0103rii &#8211; \u00een rom\u00e2n\u0103 \u00cen cur\u00e2nd Scala Cooper\u0103rii o s\u0103 aib\u0103 o pagin\u0103 principal\u0103, unde pute\u021bi s\u0103 citi\u021bi mai mult despre modelul pentru dezvoltarea echipelor \u00eentr-un mod sustenabil. Deocamdat\u0103 pute\u021bi folosii imaginea de dedesubt, ca s\u0103 pute\u021bi s\u0103 identifica\u021bi unde st\u0103 momentan echipa Dvs. pe scal\u0103. Pentru mai multe informa\u021bii despre scal\u0103, v\u0103 rug\u0103m [&#8230;]\n","protected":false},"author":2,"featured_media":0,"parent":0,"menu_order":0,"comment_status":"closed","ping_status":"closed","template":"","meta":{"_acf_changed":false,"footnotes":""},"class_list":["post-12697","page","type-page","status-publish","hentry"],"acf":[],"_links":{"self":[{"href":"https:\/\/schaalvansamenwerking.nl\/en\/wp-json\/wp\/v2\/pages\/12697","targetHints":{"allow":["GET"]}}],"collection":[{"href":"https:\/\/schaalvansamenwerking.nl\/en\/wp-json\/wp\/v2\/pages"}],"about":[{"href":"https:\/\/schaalvansamenwerking.nl\/en\/wp-json\/wp\/v2\/types\/page"}],"author":[{"embeddable":true,"href":"https:\/\/schaalvansamenwerking.nl\/en\/wp-json\/wp\/v2\/users\/2"}],"replies":[{"embeddable":true,"href":"https:\/\/schaalvansamenwerking.nl\/en\/wp-json\/wp\/v2\/comments?post=12697"}],"version-history":[{"count":5,"href":"https:\/\/schaalvansamenwerking.nl\/en\/wp-json\/wp\/v2\/pages\/12697\/revisions"}],"predecessor-version":[{"id":12704,"href":"https:\/\/schaalvansamenwerking.nl\/en\/wp-json\/wp\/v2\/pages\/12697\/revisions\/12704"}],"wp:attachment":[{"href":"https:\/\/schaalvansamenwerking.nl\/en\/wp-json\/wp\/v2\/media?parent=12697"}],"curies":[{"name":"wp","href":"https:\/\/api.w.org\/{rel}","templated":true}]}}